{"id":1197,"date":"2025-04-09T02:46:25","date_gmt":"2025-04-09T00:46:25","guid":{"rendered":"https:\/\/stella-sophrologie.fr\/?page_id=1197"},"modified":"2025-10-29T20:42:17","modified_gmt":"2025-10-29T19:42:17","slug":"temoignages","status":"publish","type":"page","link":"https:\/\/stella-sophrologie.fr\/index.php\/temoignages\/","title":{"rendered":"T\u00e9moignages"},"content":{"rendered":"\t\t<div data-elementor-type=\"wp-page\" data-elementor-id=\"1197\" class=\"elementor elementor-1197\">\n\t\t\t\t<div class=\"elementor-element elementor-element-a4b2bcf e-flex e-con-boxed e-con e-parent\" data-id=\"a4b2bcf\" data-element_type=\"container\">\n\t\t\t\t\t<div class=\"e-con-inner\">\n\t\t<div class=\"elementor-element elementor-element-c6ae8ff e-con-full e-flex e-con e-child\" data-id=\"c6ae8ff\" data-element_type=\"container\">\n\t\t\t\t<div class=\"elementor-element elementor-element-5dfc6c2 elementor-widget elementor-widget-menu-anchor\" data-id=\"5dfc6c2\" data-element_type=\"widget\" data-widget_type=\"menu-anchor.default\">\n\t\t\t\t<div class=\"elementor-widget-container\">\n\t\t\t\t\t<div class=\"elementor-menu-anchor\" id=\"Temoignages\"><\/div>\n\t\t\t\t<\/div>\n\t\t\t\t<\/div>\n\t\t\t\t<div class=\"elementor-element elementor-element-cfbd912 elementor-widget elementor-widget-heading\" data-id=\"cfbd912\" data-element_type=\"widget\" data-widget_type=\"heading.default\">\n\t\t\t\t<div class=\"elementor-widget-container\">\n\t\t\t<h2 class=\"elementor-heading-title elementor-size-default\">T\u00e9moignages<\/h2>\t\t<\/div>\n\t\t\t\t<\/div>\n\t\t<div class=\"elementor-element elementor-element-c494ef9 e-con-full e-flex e-con e-child\" data-id=\"c494ef9\" data-element_type=\"container\">\n\t\t\t\t<div class=\"elementor-element elementor-element-5b6c2ca elementor-widget__width-initial elementor-widget-tablet__width-inherit elementor-widget elementor-widget-testimonial\" data-id=\"5b6c2ca\" data-element_type=\"widget\" data-widget_type=\"testimonial.default\">\n\t\t\t\t<div class=\"elementor-widget-container\">\n\t\t\t\t\t<div class=\"elementor-testimonial-wrapper\">\n\t\t\t\t\t\t\t<div class=\"elementor-testimonial-content\">\u00ab En tant que malvoyant, j'ai trouv\u00e9 cette s\u00e9ance de sophrologie en visioconf\u00e9rence\nparticuli\u00e8rement agr\u00e9able. Les explications pr\u00e9alables de Stella \u00e9taient claires, et l'exp\u00e9rience \u00e0\ndistance m'a offert une v\u00e9ritable sensation de proximit\u00e9. La voix, \u00e0 la fois rassurante et\nenveloppante, a grandement contribu\u00e9 \u00e0 mon apaisement. J'ai m\u00eame constat\u00e9 une diminution\ntemporaire de ma douleur \u00e0 l'\u00e9paule pendant la s\u00e9ance. \u00bb<\/div>\n\t\t\t\n\t\t\t\t\t\t<div class=\"elementor-testimonial-meta\">\n\t\t\t\t<div class=\"elementor-testimonial-meta-inner\">\n\t\t\t\t\t\n\t\t\t\t\t\t\t\t\t\t<div class=\"elementor-testimonial-details\">\n\t\t\t\t\t\t\t\t\t\t\t\t\t\t<div class=\"elementor-testimonial-name\">Olivier R.<\/div>\n\t\t\t\t\t\t\t\t\t\t\t\t\t\t\t\t\t\t\t<\/div>\n\t\t\t\t\t\t\t\t\t<\/div>\n\t\t\t<\/div>\n\t\t\t\t\t<\/div>\n\t\t\t\t<\/div>\n\t\t\t\t<\/div>\n\t\t\t\t<div class=\"elementor-element elementor-element-3e4c9f4 elementor-widget__width-initial elementor-widget-tablet__width-inherit elementor-widget elementor-widget-testimonial\" data-id=\"3e4c9f4\" data-element_type=\"widget\" data-widget_type=\"testimonial.default\">\n\t\t\t\t<div class=\"elementor-widget-container\">\n\t\t\t\t\t<div class=\"elementor-testimonial-wrapper\">\n\t\t\t\t\t\t\t<div class=\"elementor-testimonial-content\">J\u2019ai eu la chance de croiser Stella sur mon chemin qui m\u2019a accompagn\u00e9e sur plusieurs s\u00e9ances \u00e0 travers la sophrologie. Stella est une professionnelle qui vit son m\u00e9tier avec c\u0153ur ! Elle fait toujours preuve d\u2019une grande disponibilit\u00e9 et flexibilit\u00e9 pour s\u2019adapter \u00e0 mes besoins du jour. Les exercices propos\u00e9s sont tr\u00e8s efficaces et permettent de se recentrer tout en apportant du rel\u00e2chement. Ce sont des outils qui nous sont transmis et que l\u2019on peut par la suite s\u2019approprier avec facilit\u00e9. Je vous recommande Stella pour ses comp\u00e9tences, son savoir-\u00eatre et la sagesse qu\u2019elle peut vous apporter lors de ses s\u00e9ances.<\/div>\n\t\t\t\n\t\t\t\t\t\t<div class=\"elementor-testimonial-meta\">\n\t\t\t\t<div class=\"elementor-testimonial-meta-inner\">\n\t\t\t\t\t\n\t\t\t\t\t\t\t\t\t\t<div class=\"elementor-testimonial-details\">\n\t\t\t\t\t\t\t\t\t\t\t\t\t\t<div class=\"elementor-testimonial-name\">Victorine B.<\/div>\n\t\t\t\t\t\t\t\t\t\t\t\t\t\t\t\t\t\t\t<\/div>\n\t\t\t\t\t\t\t\t\t<\/div>\n\t\t\t<\/div>\n\t\t\t\t\t<\/div>\n\t\t\t\t<\/div>\n\t\t\t\t<\/div>\n\t\t\t\t<div class=\"elementor-element elementor-element-bb9909b elementor-widget__width-initial elementor-widget-tablet__width-inherit elementor-widget elementor-widget-testimonial\" data-id=\"bb9909b\" data-element_type=\"widget\" data-widget_type=\"testimonial.default\">\n\t\t\t\t<div class=\"elementor-widget-container\">\n\t\t\t\t\t<div class=\"elementor-testimonial-wrapper\">\n\t\t\t\t\t\t\t<div class=\"elementor-testimonial-content\">\u00ab Lorsque tu nous as partag\u00e9 ta nouvelle orientation professionnelle vers la sophrologie, cela\nnous a sembl\u00e9 \u00e9vident. Nous sommes convaincus que tu sauras guider les personnes avec la\nm\u00eame bienveillance, \u00e9coute, patience et douceur dont tu as fait preuve aupr\u00e8s de notre p\u00e8re, il\ny a quelques ann\u00e9es.\nCes qualit\u00e9s pr\u00e9cieuses seront sans aucun doute des atouts majeurs dans ta pratique de la\nsophrologie et t'aideront \u00e0 apporter apaisement et soutien \u00e0 ceux qui en ont besoin. \u00bb<\/div>\n\t\t\t\n\t\t\t\t\t\t<div class=\"elementor-testimonial-meta\">\n\t\t\t\t<div class=\"elementor-testimonial-meta-inner\">\n\t\t\t\t\t\n\t\t\t\t\t\t\t\t\t\t<div class=\"elementor-testimonial-details\">\n\t\t\t\t\t\t\t\t\t\t\t\t\t\t<div class=\"elementor-testimonial-name\">Marianne V et ses fr\u00e8res et sa soeur.<\/div>\n\t\t\t\t\t\t\t\t\t\t\t\t\t\t\t\t\t\t\t<\/div>\n\t\t\t\t\t\t\t\t\t<\/div>\n\t\t\t<\/div>\n\t\t\t\t\t<\/div>\n\t\t\t\t<\/div>\n\t\t\t\t<\/div>\n\t\t\t\t<div class=\"elementor-element elementor-element-8adf37b elementor-widget__width-initial elementor-widget-tablet__width-inherit elementor-widget elementor-widget-testimonial\" data-id=\"8adf37b\" data-element_type=\"widget\" data-widget_type=\"testimonial.default\">\n\t\t\t\t<div class=\"elementor-widget-container\">\n\t\t\t\t\t<div class=\"elementor-testimonial-wrapper\">\n\t\t\t\t\t\t\t<div class=\"elementor-testimonial-content\">\u00ab Un grand merci Stella pour ces cinq s\u00e9ances qui m'ont accompagn\u00e9e dans mon parcours de perte de poids. Au fils des s\u00e9ances, j\u2019ai pris conscience que mon corps est mon meilleur alli\u00e9 et qu\u2019il m\u00e9rite toute mon attention. J\u2019ai particuli\u00e8rement appr\u00e9ci\u00e9 la diversit\u00e9 des exercices propos\u00e9s, toujours adapt\u00e9s \u00e0 mes besoins du moment. Chaque s\u00e9ance m\u2019a apport\u00e9 apaisement et d\u00e9tente. Je suis tr\u00e8s satisfaite de cette exp\u00e9rience. Aussi, la formule cinq s\u00e9ances avec une offerte a \u00e9t\u00e9 une opportunit\u00e9 id\u00e9ale, cela m\u2019a permis d\u2019atteindre mes objectifs personnels. Je recommande vivement cette approche. \u00bb<\/div>\n\t\t\t\n\t\t\t\t\t\t<div class=\"elementor-testimonial-meta\">\n\t\t\t\t<div class=\"elementor-testimonial-meta-inner\">\n\t\t\t\t\t\n\t\t\t\t\t\t\t\t\t\t<div class=\"elementor-testimonial-details\">\n\t\t\t\t\t\t\t\t\t\t\t\t\t\t<div class=\"elementor-testimonial-name\">Alice P.<\/div>\n\t\t\t\t\t\t\t\t\t\t\t\t\t\t\t\t\t\t\t<\/div>\n\t\t\t\t\t\t\t\t\t<\/div>\n\t\t\t<\/div>\n\t\t\t\t\t<\/div>\n\t\t\t\t<\/div>\n\t\t\t\t<\/div>\n\t\t\t\t<\/div>\n\t\t<div class=\"elementor-element elementor-element-7934f14 e-con-full e-flex e-con e-child\" data-id=\"7934f14\" data-element_type=\"container\">\n\t\t\t\t<div class=\"elementor-element elementor-element-70c363f elementor-widget__width-initial elementor-widget-tablet__width-inherit elementor-widget elementor-widget-testimonial\" data-id=\"70c363f\" data-element_type=\"widget\" data-widget_type=\"testimonial.default\">\n\t\t\t\t<div class=\"elementor-widget-container\">\n\t\t\t\t\t<div class=\"elementor-testimonial-wrapper\">\n\t\t\t\t\t\t\t<div class=\"elementor-testimonial-content\">\u00ab Un grand merci Stella !!!\nLors de cette s\u00e9ance de sophrologie, j\u2019ai appr\u00e9ci\u00e9 ton accompagnement, ton \u00e9coute et ta douceur. En tant que personne malvoyante, ces qualit\u00e9s sont d'une grande importance pour\nmoi. \u00bb<\/div>\n\t\t\t\n\t\t\t\t\t\t<div class=\"elementor-testimonial-meta\">\n\t\t\t\t<div class=\"elementor-testimonial-meta-inner\">\n\t\t\t\t\t\n\t\t\t\t\t\t\t\t\t\t<div class=\"elementor-testimonial-details\">\n\t\t\t\t\t\t\t\t\t\t\t\t\t\t<div class=\"elementor-testimonial-name\">Carole P.<\/div>\n\t\t\t\t\t\t\t\t\t\t\t\t\t\t\t\t\t\t\t<\/div>\n\t\t\t\t\t\t\t\t\t<\/div>\n\t\t\t<\/div>\n\t\t\t\t\t<\/div>\n\t\t\t\t<\/div>\n\t\t\t\t<\/div>\n\t\t\t\t<div class=\"elementor-element elementor-element-ab3ea9c elementor-widget__width-initial elementor-widget-tablet__width-inherit elementor-widget elementor-widget-testimonial\" data-id=\"ab3ea9c\" data-element_type=\"widget\" data-widget_type=\"testimonial.default\">\n\t\t\t\t<div class=\"elementor-widget-container\">\n\t\t\t\t\t<div class=\"elementor-testimonial-wrapper\">\n\t\t\t\t\t\t\t<div class=\"elementor-testimonial-content\">La bienveillance, l'\u00e9coute et la douce voix de Stella sont un rem\u00e8de bien r\u00e9parateurs.<\/div>\n\t\t\t\n\t\t\t\t\t\t<div class=\"elementor-testimonial-meta\">\n\t\t\t\t<div class=\"elementor-testimonial-meta-inner\">\n\t\t\t\t\t\n\t\t\t\t\t\t\t\t\t\t<div class=\"elementor-testimonial-details\">\n\t\t\t\t\t\t\t\t\t\t\t\t\t\t<div class=\"elementor-testimonial-name\">Armelle G.<\/div>\n\t\t\t\t\t\t\t\t\t\t\t\t\t\t\t\t\t\t\t<\/div>\n\t\t\t\t\t\t\t\t\t<\/div>\n\t\t\t<\/div>\n\t\t\t\t\t<\/div>\n\t\t\t\t<\/div>\n\t\t\t\t<\/div>\n\t\t\t\t<div class=\"elementor-element elementor-element-e5088dd elementor-widget__width-initial elementor-widget-tablet__width-inherit elementor-widget elementor-widget-testimonial\" data-id=\"e5088dd\" data-element_type=\"widget\" data-widget_type=\"testimonial.default\">\n\t\t\t\t<div class=\"elementor-widget-container\">\n\t\t\t\t\t<div class=\"elementor-testimonial-wrapper\">\n\t\t\t\t\t\t\t<div class=\"elementor-testimonial-content\">Une s\u00e9ance b\u00e9n\u00e9fique pour le mental et le corps, \u00e0 laquelle, Stella a su, gr\u00e2ce \u00e0 son professionnalisme et sa douceur, \u00e0 me relaxer et \u00e0 me faire oublier mes soucis le temps d'un instant ! Je recommande ! \n<\/div>\n\t\t\t\n\t\t\t\t\t\t<div class=\"elementor-testimonial-meta\">\n\t\t\t\t<div class=\"elementor-testimonial-meta-inner\">\n\t\t\t\t\t\n\t\t\t\t\t\t\t\t\t\t<div class=\"elementor-testimonial-details\">\n\t\t\t\t\t\t\t\t\t\t\t\t\t\t<div class=\"elementor-testimonial-name\">Fanny A;<\/div>\n\t\t\t\t\t\t\t\t\t\t\t\t\t\t\t\t\t\t\t<\/div>\n\t\t\t\t\t\t\t\t\t<\/div>\n\t\t\t<\/div>\n\t\t\t\t\t<\/div>\n\t\t\t\t<\/div>\n\t\t\t\t<\/div>\n\t\t\t\t<div class=\"elementor-element elementor-element-a95aac7 elementor-widget__width-initial elementor-widget-tablet__width-inherit elementor-widget elementor-widget-testimonial\" data-id=\"a95aac7\" data-element_type=\"widget\" data-widget_type=\"testimonial.default\">\n\t\t\t\t<div class=\"elementor-widget-container\">\n\t\t\t\t\t<div class=\"elementor-testimonial-wrapper\">\n\t\t\t\t\t\t\t<div class=\"elementor-testimonial-content\">Merci beaucoup pour cette s\u00e9ance de sophrologie, c\u2019\u00e9tait vraiment agr\u00e9able. Stella, ta voix douce m\u2019a tout de suite mis en confiance et m\u2019a aid\u00e9 \u00e0 bien me d\u00e9tendre.<\/div>\n\t\t\t\n\t\t\t\t\t\t<div class=\"elementor-testimonial-meta\">\n\t\t\t\t<div class=\"elementor-testimonial-meta-inner\">\n\t\t\t\t\t\n\t\t\t\t\t\t\t\t\t\t<div class=\"elementor-testimonial-details\">\n\t\t\t\t\t\t\t\t\t\t\t\t\t\t<div class=\"elementor-testimonial-name\">Marina P.<\/div>\n\t\t\t\t\t\t\t\t\t\t\t\t\t\t\t\t\t\t\t<\/div>\n\t\t\t\t\t\t\t\t\t<\/div>\n\t\t\t<\/div>\n\t\t\t\t\t<\/div>\n\t\t\t\t<\/div>\n\t\t\t\t<\/div>\n\t\t\t\t<\/div>\n\t\t<div class=\"elementor-element elementor-element-1507398 e-con-full e-flex e-con e-child\" data-id=\"1507398\" data-element_type=\"container\">\n\t\t\t\t<div class=\"elementor-element elementor-element-93b2a8f elementor-widget__width-initial elementor-widget-tablet__width-inherit elementor-widget elementor-widget-testimonial\" data-id=\"93b2a8f\" data-element_type=\"widget\" data-widget_type=\"testimonial.default\">\n\t\t\t\t<div class=\"elementor-widget-container\">\n\t\t\t\t\t<div class=\"elementor-testimonial-wrapper\">\n\t\t\t\t\t\t\t<div class=\"elementor-testimonial-content\"> Lors de notre s\u00e9ance, j'ai ressenti un mieux-\u00eatre et certaines tensions \u00e9vacu\u00e9es. <\/div>\n\t\t\t\n\t\t\t\t\t\t<div class=\"elementor-testimonial-meta\">\n\t\t\t\t<div class=\"elementor-testimonial-meta-inner\">\n\t\t\t\t\t\n\t\t\t\t\t\t\t\t\t\t<div class=\"elementor-testimonial-details\">\n\t\t\t\t\t\t\t\t\t\t\t\t\t\t<div class=\"elementor-testimonial-name\">Lydie B.<\/div>\n\t\t\t\t\t\t\t\t\t\t\t\t\t\t\t\t\t\t\t<\/div>\n\t\t\t\t\t\t\t\t\t<\/div>\n\t\t\t<\/div>\n\t\t\t\t\t<\/div>\n\t\t\t\t<\/div>\n\t\t\t\t<\/div>\n\t\t\t\t<div class=\"elementor-element elementor-element-d9764ab elementor-widget__width-initial elementor-widget-tablet__width-inherit elementor-widget elementor-widget-testimonial\" data-id=\"d9764ab\" data-element_type=\"widget\" data-widget_type=\"testimonial.default\">\n\t\t\t\t<div class=\"elementor-widget-container\">\n\t\t\t\t\t<div class=\"elementor-testimonial-wrapper\">\n\t\t\t\t\t\t\t<div class=\"elementor-testimonial-content\">Une tr\u00e8s bonne s\u00e9ance qui permet de se d\u00e9tendre l\u2019esprit et le corps pendant un instant.<\/div>\n\t\t\t\n\t\t\t\t\t\t<div class=\"elementor-testimonial-meta\">\n\t\t\t\t<div class=\"elementor-testimonial-meta-inner\">\n\t\t\t\t\t\n\t\t\t\t\t\t\t\t\t\t<div class=\"elementor-testimonial-details\">\n\t\t\t\t\t\t\t\t\t\t\t\t\t\t<div class=\"elementor-testimonial-name\">Marine H.<\/div>\n\t\t\t\t\t\t\t\t\t\t\t\t\t\t\t\t\t\t\t<\/div>\n\t\t\t\t\t\t\t\t\t<\/div>\n\t\t\t<\/div>\n\t\t\t\t\t<\/div>\n\t\t\t\t<\/div>\n\t\t\t\t<\/div>\n\t\t\t\t<div class=\"elementor-element elementor-element-9ef859a elementor-widget__width-initial elementor-widget-tablet__width-inherit elementor-widget elementor-widget-testimonial\" data-id=\"9ef859a\" data-element_type=\"widget\" data-widget_type=\"testimonial.default\">\n\t\t\t\t<div class=\"elementor-widget-container\">\n\t\t\t\t\t<div class=\"elementor-testimonial-wrapper\">\n\t\t\t\t\t\t\t<div class=\"elementor-testimonial-content\">J\u2019ai commenc\u00e9 la sophrologie car j\u2019avais besoin d\u2019apaiser mes \u00e9motions et de gagner en patience. D\u00e8s ma premi\u00e8re s\u00e9ance, je me suis sentie en confiance gr\u00e2ce aux questions bienveillantes pos\u00e9es.\n\nEn tant que personne malvoyante, j\u2019ai l\u2019avantage d\u2019\u00eatre encore plus attentive aux mots, sans distraction visuelle. Assise, je peux faire les exercices facilement. Debout, Stella est toujours \u00e0 mes c\u00f4t\u00e9s, ce qui est tr\u00e8s rassurant.\n\nPendant la s\u00e9ance, je ressens une vraie d\u00e9tente, comme un vide int\u00e9rieur qui m\u2019apaise. Apr\u00e8s, c\u2019est un rel\u00e2chement total, une sensation de l\u00e9g\u00e8ret\u00e9 incroyable.\n\nEn pratiquant chaque jour, je me sens de mieux en mieux. Et dans le groupe de Stella, il r\u00e8gne une ambiance chaleureuse et sympathique qui fait toute la diff\u00e9rence.<\/div>\n\t\t\t\n\t\t\t\t\t\t<div class=\"elementor-testimonial-meta\">\n\t\t\t\t<div class=\"elementor-testimonial-meta-inner\">\n\t\t\t\t\t\n\t\t\t\t\t\t\t\t\t\t<div class=\"elementor-testimonial-details\">\n\t\t\t\t\t\t\t\t\t\t\t\t\t\t<div class=\"elementor-testimonial-name\">Marie<\/div>\n\t\t\t\t\t\t\t\t\t\t\t\t\t\t\t\t\t\t\t<\/div>\n\t\t\t\t\t\t\t\t\t<\/div>\n\t\t\t<\/div>\n\t\t\t\t\t<\/div>\n\t\t\t\t<\/div>\n\t\t\t\t<\/div>\n\t\t\t\t<div class=\"elementor-element elementor-element-4d93001 elementor-widget__width-initial elementor-widget-tablet__width-inherit elementor-widget elementor-widget-testimonial\" data-id=\"4d93001\" data-element_type=\"widget\" data-widget_type=\"testimonial.default\">\n\t\t\t\t<div class=\"elementor-widget-container\">\n\t\t\t\t\t<div class=\"elementor-testimonial-wrapper\">\n\t\t\t\t\t\t\t<div class=\"elementor-testimonial-content\">J' ai eu le plaisir de croiser Stella lors d' un atelier cor\u00e9alis\u00e9 avec Victorine Bourneuf afin de retrouver l harmonie corps -esprit.\nL atelier a \u00e9t\u00e9 un beau moment de d\u00e9tente et de lib\u00e9ration. J y ai d\u00e9couvert avec plaisir une pratique de sophrologie qui s articule tr\u00e8s bien avec la m\u00e9ditation \u00e9nerg\u00e9tique propos\u00e9 par sa coll\u00e8gue.\nUn tr\u00e8s bon moment que je recommande.<\/div>\n\t\t\t\n\t\t\t\t\t\t<div class=\"elementor-testimonial-meta\">\n\t\t\t\t<div class=\"elementor-testimonial-meta-inner\">\n\t\t\t\t\t\n\t\t\t\t\t\t\t\t\t\t<div class=\"elementor-testimonial-details\">\n\t\t\t\t\t\t\t\t\t\t\t\t\t\t<div class=\"elementor-testimonial-name\">Emmanuel<\/div>\n\t\t\t\t\t\t\t\t\t\t\t\t\t\t\t\t\t\t\t<\/div>\n\t\t\t\t\t\t\t\t\t<\/div>\n\t\t\t<\/div>\n\t\t\t\t\t<\/div>\n\t\t\t\t<\/div>\n\t\t\t\t<\/div>\n\t\t\t\t<\/div>\n\t\t<div class=\"elementor-element elementor-element-e0def61 e-con-full e-flex e-con e-child\" data-id=\"e0def61\" data-element_type=\"container\">\n\t\t\t\t<div class=\"elementor-element elementor-element-8798b98 elementor-widget__width-initial elementor-widget-tablet__width-inherit elementor-widget elementor-widget-testimonial\" data-id=\"8798b98\" data-element_type=\"widget\" data-widget_type=\"testimonial.default\">\n\t\t\t\t<div class=\"elementor-widget-container\">\n\t\t\t\t\t<div class=\"elementor-testimonial-wrapper\">\n\t\t\t\t\t\t\t<div class=\"elementor-testimonial-content\">J\u2019ai commenc\u00e9 la sophrologie simplement par curiosit\u00e9, sans avoir de probl\u00e9matique particuli\u00e8re. D\u00e8s les premi\u00e8res s\u00e9ances, j\u2019ai ressenti une profonde d\u00e9tente. Moi qui \u00e9tais une personne tr\u00e8s speed, aujourd\u2019hui je me sens beaucoup plus apais\u00e9e.\nLa voix de Stella est incroyablement douce et rassurante, ce qui m\u2019aide \u00e0 rester concentr\u00e9e et \u00e0 r\u00e9aliser mes exercices du d\u00e9but \u00e0 la fin.\nJ\u2019en parle souvent autour de moi car ses s\u00e9ances sont \u00e0 la fois b\u00e9n\u00e9fiques et tr\u00e8s agr\u00e9ables, je m\u2019y sens vraiment \u00e0 l\u2019aise.\nEt en tant que malvoyante, je peux dire que la voix est essentielle\u2026 et celle de Stella fait toute la diff\u00e9rence.<\/div>\n\t\t\t\n\t\t\t\t\t\t<div class=\"elementor-testimonial-meta\">\n\t\t\t\t<div class=\"elementor-testimonial-meta-inner\">\n\t\t\t\t\t\n\t\t\t\t\t\t\t\t\t\t<div class=\"elementor-testimonial-details\">\n\t\t\t\t\t\t\t\t\t\t\t\t\t\t<div class=\"elementor-testimonial-name\">Fanny<\/div>\n\t\t\t\t\t\t\t\t\t\t\t\t\t\t\t\t\t\t\t<\/div>\n\t\t\t\t\t\t\t\t\t<\/div>\n\t\t\t<\/div>\n\t\t\t\t\t<\/div>\n\t\t\t\t<\/div>\n\t\t\t\t<\/div>\n\t\t\t\t<div class=\"elementor-element elementor-element-bb8001b elementor-widget__width-initial elementor-widget-tablet__width-inherit elementor-widget elementor-widget-testimonial\" data-id=\"bb8001b\" data-element_type=\"widget\" data-widget_type=\"testimonial.default\">\n\t\t\t\t<div class=\"elementor-widget-container\">\n\t\t\t\t\t<div class=\"elementor-testimonial-wrapper\">\n\t\t\t\t\t\t\t<div class=\"elementor-testimonial-content\">La voix douce et rassurante de Stella m\u2019accompagne comme un v\u00e9ritable guide. Elle prend toujours le temps de bien expliquer chaque exercice, ce qui me permet de les refaire facilement \u00e0 la maison et de prolonger les bienfaits entre les s\u00e9ances. Je me sens en s\u00e9curit\u00e9 gr\u00e2ce \u00e0 sa bienveillance et \u00e0 sa patience, ce qui me donne confiance dans ma pratique. Au sein du groupe, je trouve ma place et je profite de cette belle \u00e9nergie collective qui m\u2019apporte beaucoup. \u00c0 la fin de chaque s\u00e9ance, je me sens apais\u00e9e, ressourc\u00e9e et remplie de bien-\u00eatre. Cela m\u2019aide \u00e0 repartir avec un regard plus serein et \u00e0 accueillir la vie telle qu\u2019elle est.<\/div>\n\t\t\t\n\t\t\t\t\t\t<div class=\"elementor-testimonial-meta\">\n\t\t\t\t<div class=\"elementor-testimonial-meta-inner\">\n\t\t\t\t\t\n\t\t\t\t\t\t\t\t\t\t<div class=\"elementor-testimonial-details\">\n\t\t\t\t\t\t\t\t\t\t\t\t\t\t<div class=\"elementor-testimonial-name\">Candy<\/div>\n\t\t\t\t\t\t\t\t\t\t\t\t\t\t\t\t\t\t\t<\/div>\n\t\t\t\t\t\t\t\t\t<\/div>\n\t\t\t<\/div>\n\t\t\t\t\t<\/div>\n\t\t\t\t<\/div>\n\t\t\t\t<\/div>\n\t\t\t\t<\/div>\n\t\t<div class=\"elementor-element elementor-element-03cb640 e-con-full e-flex e-con e-child\" data-id=\"03cb640\" data-element_type=\"container\">\n\t\t\t\t<\/div>\n\t\t<div class=\"elementor-element elementor-element-b164477 e-con-full e-flex e-con e-child\" data-id=\"b164477\" data-element_type=\"container\">\n\t\t\t\t<\/div>\n\t\t<div class=\"elementor-element elementor-element-25cd583 e-con-full e-flex e-con e-child\" data-id=\"25cd583\" data-element_type=\"container\">\n\t\t\t\t<\/div>\n\t\t\t\t<\/div>\n\t\t\t\t\t<\/div>\n\t\t\t\t<\/div>\n\t\t\t\t<\/div>\n\t\t","protected":false},"excerpt":{"rendered":"<p>T\u00e9moignages \u00ab En tant que malvoyant, j&rsquo;ai trouv\u00e9 cette s\u00e9ance de sophrologie en visioconf\u00e9rence particuli\u00e8rement agr\u00e9able. Les explications pr\u00e9alables de Stella \u00e9taient claires, et l&rsquo;exp\u00e9rience \u00e0 distance m&rsquo;a offert une v\u00e9ritable sensation de proximit\u00e9. La voix, \u00e0 la fois rassurante et enveloppante, a grandement contribu\u00e9 \u00e0 mon apaisement. J&rsquo;ai m\u00eame constat\u00e9 une diminution temporaire de&#8230;<\/p>\n","protected":false},"author":1,"featured_media":0,"parent":0,"menu_order":0,"comment_status":"closed","ping_status":"closed","template":"","meta":{"_kad_post_transparent":"","_kad_post_title":"hide","_kad_post_layout":"fullwidth","_kad_post_sidebar_id":"","_kad_post_content_style":"unboxed","_kad_post_vertical_padding":"hide","_kad_post_feature":"hide","_kad_post_feature_position":"","_kad_post_header":false,"_kad_post_footer":false,"footnotes":""},"class_list":["post-1197","page","type-page","status-publish","hentry"],"_links":{"self":[{"href":"https:\/\/stella-sophrologie.fr\/index.php\/wp-json\/wp\/v2\/pages\/1197","targetHints":{"allow":["GET"]}}],"collection":[{"href":"https:\/\/stella-sophrologie.fr\/index.php\/wp-json\/wp\/v2\/pages"}],"about":[{"href":"https:\/\/stella-sophrologie.fr\/index.php\/wp-json\/wp\/v2\/types\/page"}],"author":[{"embeddable":true,"href":"https:\/\/stella-sophrologie.fr\/index.php\/wp-json\/wp\/v2\/users\/1"}],"replies":[{"embeddable":true,"href":"https:\/\/stella-sophrologie.fr\/index.php\/wp-json\/wp\/v2\/comments?post=1197"}],"version-history":[{"count":46,"href":"https:\/\/stella-sophrologie.fr\/index.php\/wp-json\/wp\/v2\/pages\/1197\/revisions"}],"predecessor-version":[{"id":1942,"href":"https:\/\/stella-sophrologie.fr\/index.php\/wp-json\/wp\/v2\/pages\/1197\/revisions\/1942"}],"wp:attachment":[{"href":"https:\/\/stella-sophrologie.fr\/index.php\/wp-json\/wp\/v2\/media?parent=1197"}],"curies":[{"name":"wp","href":"https:\/\/api.w.org\/{rel}","templated":true}]}}