{"id":34,"date":"2024-10-03T12:03:50","date_gmt":"2024-10-03T10:03:50","guid":{"rendered":"https:\/\/stella-sophrologie.fr\/index.php\/our-story\/"},"modified":"2025-04-05T21:31:15","modified_gmt":"2025-04-05T19:31:15","slug":"mon-histoire","status":"publish","type":"page","link":"https:\/\/stella-sophrologie.fr\/index.php\/mon-histoire\/","title":{"rendered":"Mon histoire"},"content":{"rendered":"\t\t<div data-elementor-type=\"wp-page\" data-elementor-id=\"34\" class=\"elementor elementor-34\">\n\t\t\t\t<div class=\"elementor-element elementor-element-47a8853c e-con-full e-flex e-con e-parent\" data-id=\"47a8853c\" data-element_type=\"container\">\n\t\t<div class=\"elementor-element elementor-element-17565af1 e-con-full e-flex e-con e-child\" data-id=\"17565af1\" data-element_type=\"container\" data-settings=\"{&quot;background_background&quot;:&quot;classic&quot;}\">\n\t\t\t\t<div class=\"elementor-element elementor-element-55e71e1 elementor-widget elementor-widget-image\" data-id=\"55e71e1\" data-element_type=\"widget\" data-widget_type=\"image.default\">\n\t\t\t\t<div class=\"elementor-widget-container\">\n\t\t\t\t\t\t\t\t\t\t\t\t\t<img fetchpriority=\"high\" decoding=\"async\" width=\"1024\" height=\"1024\" src=\"https:\/\/stella-sophrologie.fr\/wp-content\/uploads\/2024\/10\/photo-Stella-1024x1024.jpg\" class=\"attachment-large size-large wp-image-80\" alt=\"C\u2019est ma photo, un portrait professionnel, j\u2019ai un visage souriant et apaisant. Je porte des lunettes aux verres l\u00e9g\u00e8rement teint\u00e9s, une veste claire sur une robe bleue \u00e0 motifs blancs, ainsi qu\u2019un collier en perles sombres. Mes cheveux ch\u00e2tains, mi-courts, sont coiff\u00e9s simplement. Le fond est uni et neutre, mettant en valeur sa posture calme et bienveillante.\" srcset=\"https:\/\/stella-sophrologie.fr\/wp-content\/uploads\/2024\/10\/photo-Stella-1024x1024.jpg 1024w, https:\/\/stella-sophrologie.fr\/wp-content\/uploads\/2024\/10\/photo-Stella-300x300.jpg 300w, https:\/\/stella-sophrologie.fr\/wp-content\/uploads\/2024\/10\/photo-Stella-150x150.jpg 150w, https:\/\/stella-sophrologie.fr\/wp-content\/uploads\/2024\/10\/photo-Stella-768x768.jpg 768w, https:\/\/stella-sophrologie.fr\/wp-content\/uploads\/2024\/10\/photo-Stella-1536x1536.jpg 1536w, https:\/\/stella-sophrologie.fr\/wp-content\/uploads\/2024\/10\/photo-Stella-2048x2048.jpg 2048w\" sizes=\"(max-width: 1024px) 100vw, 1024px\" \/>\t\t\t\t\t\t\t\t\t\t\t\t\t<\/div>\n\t\t\t\t<\/div>\n\t\t\t\t<\/div>\n\t\t<div class=\"elementor-element elementor-element-8734fb e-con-full e-flex e-con e-child\" data-id=\"8734fb\" data-element_type=\"container\">\n\t\t\t\t<div class=\"elementor-element elementor-element-12836e92 elementor-widget elementor-widget-heading\" data-id=\"12836e92\" data-element_type=\"widget\" data-widget_type=\"heading.default\">\n\t\t\t\t<div class=\"elementor-widget-container\">\n\t\t\t<h6 class=\"elementor-heading-title elementor-size-default\">une rapide pr\u00e9sentation<\/h6>\t\t<\/div>\n\t\t\t\t<\/div>\n\t\t\t\t<div class=\"elementor-element elementor-element-3fd0410 elementor-widget elementor-widget-heading\" data-id=\"3fd0410\" data-element_type=\"widget\" data-widget_type=\"heading.default\">\n\t\t\t\t<div class=\"elementor-widget-container\">\n\t\t\t<h1 class=\"elementor-heading-title elementor-size-default\">Mon histoire<\/h1>\t\t<\/div>\n\t\t\t\t<\/div>\n\t\t\t\t<div class=\"elementor-element elementor-element-662ba29b elementor-invisible elementor-widget elementor-widget-text-editor\" data-id=\"662ba29b\" data-element_type=\"widget\" data-settings=\"{&quot;_animation&quot;:&quot;fadeIn&quot;,&quot;_animation_delay&quot;:400}\" data-widget_type=\"text-editor.default\">\n\t\t\t\t<div class=\"elementor-widget-container\">\n\t\t\t\t\t\t\t<p>Je m\u2019appelle Stella LE RAY et je pratique la sophrologie depuis plus de dix ans.<br \/>Guid\u00e9e et motiv\u00e9e par la volont\u00e9 d\u2019\u00e9tablir des relations humaines authentiques, j\u2019ai \u00e0 c\u0153ur d\u2019accompagner chaque personne avec bienveillance et \u00e9coute.<br \/>Depuis mon plus jeune \u00e2ge, j\u2019ai \u00e9t\u00e9 profond\u00e9ment inspir\u00e9e par les \u00e9changes avec les personnes \u00e2g\u00e9es, dont l\u2019exp\u00e9rience et la sagesse ont marqu\u00e9 mon parcours.<\/p><p>Naturellement, j\u2019ai orient\u00e9 ma carri\u00e8re vers l\u2019accompagnement, \u00e9largissant au fil des ann\u00e9es mon expertise aupr\u00e8s de divers publics : personnes \u00e2g\u00e9es, jeunes en situation de handicap, ainsi que des proches confront\u00e9es \u00e0 des troubles tels que l\u2019autisme, l\u2019anxi\u00e9t\u00e9 ou les troubles alimentaires.<\/p><p>Ces exp\u00e9riences m\u2019ont permis de d\u00e9velopper une grande capacit\u00e9 d\u2019adaptation et une approche bienveillante, favorisant un climat de confiance et des \u00e9changes constructifs.<br \/>Mon objectif est d\u2019offrir un accompagnement personnalis\u00e9, dans un cadre apaisant et s\u00e9curisant, pour aider chacun \u00e0 retrouver \u00e9quilibre et s\u00e9r\u00e9nit\u00e9.<br \/>En collaboration avec les familles je veille \u00e0 instaurer un v\u00e9ritable soutien, propice au bien-\u00eatre et \u00e0 l\u2019\u00e9panouissement.<\/p><p>Quelques ann\u00e9es apr\u00e8s, l\u2019annonce d\u2019une maladie visuelle a repr\u00e9sent\u00e9 un tournant important dans ma vie. Cependant, j\u2019ai rapidement su transformer cette \u00e9preuve en une opportunit\u00e9 de r\u00e9flexion, me concentrant sur les solutions pour me r\u00e9inventer et poursuivre mon parcours professionnel avec r\u00e9silience et d\u00e9termination.<br \/>Ce choix, m\u00fbrement r\u00e9fl\u00e9chi, m\u2019a conduit \u00e0 suivre une formation \u00e0 l\u2019\u00e9cole de Sophrologie Cayc\u00e9dienne de Rennes, au terme de laquelle j\u2019ai obtenu ma premi\u00e8re certification.<br \/>Mon parcours, priv\u00e9 comme professionnel, m\u2019a ainsi permis de d\u00e9velopper une approche humaine et adapt\u00e9e, que j\u2019enrichis chaque jour \u00e0 travers ma pratique de la sophrologie. Chaque accompagnement est enti\u00e8rement personnalis\u00e9, afin de r\u00e9pondre aux besoins sp\u00e9cifiques de chaque individu.<br \/>N\u2019h\u00e9sitez pas \u00e0 aller dans les rubriques et \u00e0 me contacter via les coordonn\u00e9es disponibles sur ce site.\u00a0<\/p>\t\t\t\t\t\t<\/div>\n\t\t\t\t<\/div>\n\t\t\t\t<\/div>\n\t\t\t\t<\/div>\n\t\t\t\t<\/div>\n\t\t","protected":false},"excerpt":{"rendered":"<p>une rapide pr\u00e9sentation Mon histoire Je m\u2019appelle Stella LE RAY et je pratique la sophrologie depuis plus de dix ans.Guid\u00e9e et motiv\u00e9e par la volont\u00e9 d\u2019\u00e9tablir des relations humaines authentiques, j\u2019ai \u00e0 c\u0153ur d\u2019accompagner chaque personne avec bienveillance et \u00e9coute.Depuis mon plus jeune \u00e2ge, j\u2019ai \u00e9t\u00e9 profond\u00e9ment inspir\u00e9e par les \u00e9changes avec les personnes \u00e2g\u00e9es,&#8230;<\/p>\n","protected":false},"author":1,"featured_media":0,"parent":0,"menu_order":0,"comment_status":"closed","ping_status":"closed","template":"elementor_header_footer","meta":{"_kad_post_transparent":"","_kad_post_title":"","_kad_post_layout":"","_kad_post_sidebar_id":"","_kad_post_content_style":"","_kad_post_vertical_padding":"","_kad_post_feature":"","_kad_post_feature_position":"","_kad_post_header":false,"_kad_post_footer":false,"footnotes":""},"class_list":["post-34","page","type-page","status-publish","hentry"],"_links":{"self":[{"href":"https:\/\/stella-sophrologie.fr\/index.php\/wp-json\/wp\/v2\/pages\/34","targetHints":{"allow":["GET"]}}],"collection":[{"href":"https:\/\/stella-sophrologie.fr\/index.php\/wp-json\/wp\/v2\/pages"}],"about":[{"href":"https:\/\/stella-sophrologie.fr\/index.php\/wp-json\/wp\/v2\/types\/page"}],"author":[{"embeddable":true,"href":"https:\/\/stella-sophrologie.fr\/index.php\/wp-json\/wp\/v2\/users\/1"}],"replies":[{"embeddable":true,"href":"https:\/\/stella-sophrologie.fr\/index.php\/wp-json\/wp\/v2\/comments?post=34"}],"version-history":[{"count":68,"href":"https:\/\/stella-sophrologie.fr\/index.php\/wp-json\/wp\/v2\/pages\/34\/revisions"}],"predecessor-version":[{"id":774,"href":"https:\/\/stella-sophrologie.fr\/index.php\/wp-json\/wp\/v2\/pages\/34\/revisions\/774"}],"wp:attachment":[{"href":"https:\/\/stella-sophrologie.fr\/index.php\/wp-json\/wp\/v2\/media?parent=34"}],"curies":[{"name":"wp","href":"https:\/\/api.w.org\/{rel}","templated":true}]}}